{"id":1118,"date":"2024-11-14T12:30:18","date_gmt":"2024-11-14T12:30:18","guid":{"rendered":"https:\/\/www.kabritomedia.com\/acerca-de\/"},"modified":"2026-04-27T17:18:24","modified_gmt":"2026-04-27T17:18:24","slug":"acerca-de","status":"publish","type":"page","link":"https:\/\/www.kabritomedia.com\/es\/acerca-de\/","title":{"rendered":"Acerca de"},"content":{"rendered":"\n<div class=\"wp-block-cover is-light full-width has-white-color has-text-color has-link-color wp-elements-65548095272ceffd41b7cdc524cbc0d8\" style=\"min-height:638px;aspect-ratio:unset;\"><img loading=\"lazy\" decoding=\"async\" width=\"1798\" height=\"1200\" class=\"wp-block-cover__image-background wp-image-729 size-full\" alt=\"\" src=\"https:\/\/www.kabritomedia.com\/wp-content\/uploads\/pools-2-med.jpg\" style=\"object-position:84% 44%\" data-object-fit=\"cover\" data-object-position=\"84% 44%\" srcset=\"https:\/\/www.kabritomedia.com\/wp-content\/uploads\/pools-2-med.jpg 1798w, https:\/\/www.kabritomedia.com\/wp-content\/uploads\/pools-2-med-300x200.jpg 300w, https:\/\/www.kabritomedia.com\/wp-content\/uploads\/pools-2-med-1024x683.jpg 1024w, https:\/\/www.kabritomedia.com\/wp-content\/uploads\/pools-2-med-768x513.jpg 768w, https:\/\/www.kabritomedia.com\/wp-content\/uploads\/pools-2-med-1536x1025.jpg 1536w\" sizes=\"auto, (max-width: 1798px) 100vw, 1798px\" \/><span aria-hidden=\"true\" class=\"wp-block-cover__background has-gray-background-color has-background-dim\"><\/span><div class=\"wp-block-cover__inner-container is-layout-constrained wp-block-cover-is-layout-constrained\">\n<h2 class=\"wp-block-heading alignfull has-text-align-center has-section-headings-font-size\">Kabrito Media simplifica el proceso de publicaci\u00f3n de propiedades con contenidos visuales inmobiliarios r\u00e1pidos, eficaces y asequibles. Ofrecemos beneficios significativos a nuestros clientes a trav\u00e9s de relaciones fiables y un servicio al cliente excepcional. <\/h2>\n<\/div><\/div>\n\n<div class=\"wp-block-group columns-large-images is-layout-constrained wp-block-group-is-layout-constrained\">\n<div class=\"wp-block-columns are-vertically-aligned-center is-layout-flex wp-container-core-columns-is-layout-28f84493 wp-block-columns-is-layout-flex\">\n<div class=\"wp-block-column is-vertically-aligned-center reveal left is-layout-flow wp-block-column-is-layout-flow\" style=\"flex-basis:50%\">\n<figure class=\"wp-block-image aligncenter size-full is-style-default\"><img loading=\"lazy\" decoding=\"async\" width=\"1797\" height=\"1200\" src=\"https:\/\/www.kabritomedia.com\/wp-content\/uploads\/2025\/05\/Exteriors-3.jpg\" alt=\"\" class=\"wp-image-321\" style=\"box-shadow:var(--wp--preset--shadow--natural)\" srcset=\"https:\/\/www.kabritomedia.com\/wp-content\/uploads\/2025\/05\/Exteriors-3.jpg 1797w, https:\/\/www.kabritomedia.com\/wp-content\/uploads\/2025\/05\/Exteriors-3-300x200.jpg 300w, https:\/\/www.kabritomedia.com\/wp-content\/uploads\/2025\/05\/Exteriors-3-1024x684.jpg 1024w, https:\/\/www.kabritomedia.com\/wp-content\/uploads\/2025\/05\/Exteriors-3-768x513.jpg 768w, https:\/\/www.kabritomedia.com\/wp-content\/uploads\/2025\/05\/Exteriors-3-1536x1026.jpg 1536w\" sizes=\"auto, (max-width: 1797px) 100vw, 1797px\" \/><\/figure>\n<\/div>\n\n\n\n<div class=\"wp-block-column is-vertically-aligned-center reveal right is-layout-flow wp-block-column-is-layout-flow\" style=\"flex-basis:50%\">\n<h2 class=\"wp-block-heading has-text-align-left\">Plazo de entrega r\u00e1pido<\/h2>\n\n\n\n<p>Entrega en 24 horas de todas las fotos y v\u00eddeos, y en 48 \u200b\u200bhoras para visitas virtuales en 3D, ediciones complejas y solicitudes especiales.<\/p>\n<\/div>\n<\/div>\n\n\n\n<div class=\"wp-block-columns are-vertically-aligned-center reverse-mobile is-layout-flex wp-container-core-columns-is-layout-28f84493 wp-block-columns-is-layout-flex\">\n<div class=\"wp-block-column is-vertically-aligned-center reveal left is-layout-flow wp-block-column-is-layout-flow\" style=\"flex-basis:50%\">\n<h2 class=\"wp-block-heading has-text-align-left\">Precios claros<\/h2>\n\n\n\n<p>Precios claros para tus necesidades de publicidad inmobiliaria. Crea tus propios paquetes con opciones adicionales. Y si tus planes cambian por circunstancias imprevistas, no hay cargos por cancelaci\u00f3n.  <\/p>\n\n\n\n<div class=\"wp-block-buttons is-layout-flex wp-block-buttons-is-layout-flex\">\n<div class=\"wp-block-button\"><a class=\"wp-block-button__link has-orange-background-color has-background wp-element-button\" href=\"https:\/\/www.kabritomedia.com\/es\/contactanos\/\" style=\"border-radius:0px\">Solicita un presupuesto<\/a><\/div>\n<\/div>\n<\/div>\n\n\n\n<div class=\"wp-block-column is-vertically-aligned-center reveal right is-layout-flow wp-block-column-is-layout-flow\" style=\"flex-basis:50%\">\n<figure class=\"wp-block-image aligncenter size-full\"><img loading=\"lazy\" decoding=\"async\" width=\"1800\" height=\"1200\" src=\"https:\/\/www.kabritomedia.com\/wp-content\/uploads\/2025\/05\/Exteriors-4.jpg\" alt=\"\" class=\"wp-image-323\" style=\"box-shadow:var(--wp--preset--shadow--natural)\" srcset=\"https:\/\/www.kabritomedia.com\/wp-content\/uploads\/2025\/05\/Exteriors-4.jpg 1800w, https:\/\/www.kabritomedia.com\/wp-content\/uploads\/2025\/05\/Exteriors-4-300x200.jpg 300w, https:\/\/www.kabritomedia.com\/wp-content\/uploads\/2025\/05\/Exteriors-4-1024x683.jpg 1024w, https:\/\/www.kabritomedia.com\/wp-content\/uploads\/2025\/05\/Exteriors-4-768x512.jpg 768w, https:\/\/www.kabritomedia.com\/wp-content\/uploads\/2025\/05\/Exteriors-4-1536x1024.jpg 1536w\" sizes=\"auto, (max-width: 1800px) 100vw, 1800px\" \/><\/figure>\n<\/div>\n<\/div>\n\n\n\n<div class=\"wp-block-columns are-vertically-aligned-center is-layout-flex wp-container-core-columns-is-layout-28f84493 wp-block-columns-is-layout-flex\">\n<div class=\"wp-block-column is-vertically-aligned-center reveal left is-layout-flow wp-block-column-is-layout-flow\" style=\"flex-basis:50%\">\n<figure class=\"wp-block-image aligncenter size-full\"><img loading=\"lazy\" decoding=\"async\" width=\"1280\" height=\"854\" src=\"https:\/\/www.kabritomedia.com\/wp-content\/uploads\/terraces-and-views\/terrace-25.jpg\" alt=\"\" class=\"wp-image-685\" style=\"box-shadow:var(--wp--preset--shadow--natural)\" srcset=\"https:\/\/www.kabritomedia.com\/wp-content\/uploads\/terraces-and-views\/terrace-25.jpg 1280w, https:\/\/www.kabritomedia.com\/wp-content\/uploads\/terraces-and-views\/terrace-25-300x200.jpg 300w, https:\/\/www.kabritomedia.com\/wp-content\/uploads\/terraces-and-views\/terrace-25-1024x683.jpg 1024w, https:\/\/www.kabritomedia.com\/wp-content\/uploads\/terraces-and-views\/terrace-25-768x512.jpg 768w\" sizes=\"auto, (max-width: 1280px) 100vw, 1280px\" \/><\/figure>\n<\/div>\n\n\n\n<div class=\"wp-block-column is-vertically-aligned-center reveal right is-layout-flow wp-block-column-is-layout-flow\" style=\"flex-basis:50%\">\n<h2 class=\"wp-block-heading has-text-align-left\">La mirada de un experto<\/h2>\n\n\n\n<p>Gracias a nuestra experiencia en inversiones inmobiliarias, sabemos de primera mano lo que se necesita para despertar el inter\u00e9s de un comprador potencial y entendemos c\u00f3mo contar la \u00abhistoria\u00bb de una propiedad a trav\u00e9s de im\u00e1genes.<\/p>\n<\/div>\n<\/div>\n\n\n\n<div class=\"wp-block-columns are-vertically-aligned-center reverse-mobile is-layout-flex wp-container-core-columns-is-layout-28f84493 wp-block-columns-is-layout-flex\">\n<div class=\"wp-block-column is-vertically-aligned-center reveal left is-layout-flow wp-block-column-is-layout-flow\" style=\"flex-basis:50%\">\n<h2 class=\"wp-block-heading has-text-align-left\">Activos llave en mano<\/h2>\n\n\n\n<p>Adem\u00e1s de publicar fotos, v\u00eddeos y recorridos virtuales en 3D, tambi\u00e9n podemos crear un sitio web exclusivo para tu propiedad y dise\u00f1ar folletos para tus anuncios.<\/p>\n<\/div>\n\n\n\n<div class=\"wp-block-column is-vertically-aligned-center reveal right is-layout-flow wp-block-column-is-layout-flow\" style=\"flex-basis:50%\">\n<figure class=\"wp-block-image aligncenter size-full\"><img loading=\"lazy\" decoding=\"async\" width=\"1280\" height=\"854\" src=\"https:\/\/www.kabritomedia.com\/wp-content\/uploads\/detail-and-cool-shots\/details-shots-11.jpg\" alt=\"\" class=\"wp-image-591\" style=\"box-shadow:var(--wp--preset--shadow--natural)\" srcset=\"https:\/\/www.kabritomedia.com\/wp-content\/uploads\/detail-and-cool-shots\/details-shots-11.jpg 1280w, https:\/\/www.kabritomedia.com\/wp-content\/uploads\/detail-and-cool-shots\/details-shots-11-300x200.jpg 300w, https:\/\/www.kabritomedia.com\/wp-content\/uploads\/detail-and-cool-shots\/details-shots-11-1024x683.jpg 1024w, https:\/\/www.kabritomedia.com\/wp-content\/uploads\/detail-and-cool-shots\/details-shots-11-768x512.jpg 768w\" sizes=\"auto, (max-width: 1280px) 100vw, 1280px\" \/><\/figure>\n<\/div>\n<\/div>\n\n\n\n<div class=\"wp-block-columns are-vertically-aligned-center is-layout-flex wp-container-core-columns-is-layout-28f84493 wp-block-columns-is-layout-flex\">\n<div class=\"wp-block-column is-vertically-aligned-center reveal left is-layout-flow wp-block-column-is-layout-flow\" style=\"flex-basis:50%\">\n<figure class=\"wp-block-image aligncenter size-full\"><img loading=\"lazy\" decoding=\"async\" width=\"1800\" height=\"1200\" src=\"https:\/\/www.kabritomedia.com\/wp-content\/uploads\/2025\/05\/Pools-6.jpg\" alt=\"\" class=\"wp-image-306\" style=\"box-shadow:var(--wp--preset--shadow--natural)\" srcset=\"https:\/\/www.kabritomedia.com\/wp-content\/uploads\/2025\/05\/Pools-6.jpg 1800w, https:\/\/www.kabritomedia.com\/wp-content\/uploads\/2025\/05\/Pools-6-300x200.jpg 300w, https:\/\/www.kabritomedia.com\/wp-content\/uploads\/2025\/05\/Pools-6-1024x683.jpg 1024w, https:\/\/www.kabritomedia.com\/wp-content\/uploads\/2025\/05\/Pools-6-768x512.jpg 768w, https:\/\/www.kabritomedia.com\/wp-content\/uploads\/2025\/05\/Pools-6-1536x1024.jpg 1536w\" sizes=\"auto, (max-width: 1800px) 100vw, 1800px\" \/><\/figure>\n<\/div>\n\n\n\n<div class=\"wp-block-column is-vertically-aligned-center reveal right is-layout-flow wp-block-column-is-layout-flow\" style=\"flex-basis:50%\">\n<h2 class=\"wp-block-heading has-text-align-left\">Reserva r\u00e1pida y sencilla<\/h2>\n\n\n\n<p>Reserva una sesi\u00f3n fotogr\u00e1fica cuando te convenga a trav\u00e9s de nuestro portal de clientes, que es muy f\u00e1cil de usar, o ll\u00e1manos, env\u00edanos un mensaje de texto o un correo electr\u00f3nico para programarla.<\/p>\n\n\n\n<div class=\"wp-block-buttons is-layout-flex wp-block-buttons-is-layout-flex\">\n<div class=\"wp-block-button\"><a class=\"wp-block-button__link has-orange-background-color has-background wp-element-button\" href=\"https:\/\/view.kabritomedia.com\/order\" style=\"border-radius:0px\" target=\"_blank\" rel=\"noreferrer noopener\">Reserva online<\/a><\/div>\n<\/div>\n<\/div>\n<\/div>\n\n\n\n<div class=\"wp-block-columns are-vertically-aligned-center reverse-mobile is-layout-flex wp-container-core-columns-is-layout-28f84493 wp-block-columns-is-layout-flex\">\n<div class=\"wp-block-column is-vertically-aligned-center reveal left is-layout-flow wp-block-column-is-layout-flow\" style=\"flex-basis:50%\">\n<h2 class=\"wp-block-heading has-text-align-left\">Enfoque en el cliente<\/h2>\n\n\n\n<p>Vestiremos de forma profesional, llegaremos puntuales, trataremos a tus clientes y sus propiedades con respeto y representaremos tu marca en todo momento.<\/p>\n<\/div>\n\n\n\n<div class=\"wp-block-column is-vertically-aligned-center reveal right is-layout-flow wp-block-column-is-layout-flow\" style=\"flex-basis:50%\">\n<figure class=\"wp-block-image aligncenter size-full\"><img loading=\"lazy\" decoding=\"async\" width=\"1798\" height=\"1200\" src=\"https:\/\/www.kabritomedia.com\/wp-content\/uploads\/2025\/05\/Pools-2.jpg\" alt=\"\" class=\"wp-image-292\" style=\"box-shadow:var(--wp--preset--shadow--natural)\" srcset=\"https:\/\/www.kabritomedia.com\/wp-content\/uploads\/2025\/05\/Pools-2.jpg 1798w, https:\/\/www.kabritomedia.com\/wp-content\/uploads\/2025\/05\/Pools-2-300x200.jpg 300w, https:\/\/www.kabritomedia.com\/wp-content\/uploads\/2025\/05\/Pools-2-1024x683.jpg 1024w, https:\/\/www.kabritomedia.com\/wp-content\/uploads\/2025\/05\/Pools-2-768x513.jpg 768w, https:\/\/www.kabritomedia.com\/wp-content\/uploads\/2025\/05\/Pools-2-1536x1025.jpg 1536w\" sizes=\"auto, (max-width: 1798px) 100vw, 1798px\" \/><\/figure>\n<\/div>\n<\/div>\n<\/div>\n\n<div class=\"wp-block-group columns-large-images is-layout-constrained wp-block-group-is-layout-constrained\">\n<div class=\"wp-block-columns is-layout-flex wp-container-core-columns-is-layout-28f84493 wp-block-columns-is-layout-flex\">\n<div class=\"wp-block-column is-vertically-aligned-top is-layout-flow wp-block-column-is-layout-flow\" style=\"flex-basis:100%\">\n<h2 class=\"wp-block-heading has-text-align-center\">Estaremos encantados de apoyar tus proyectos de marketing inmobiliario en la Costa del Sol.<\/h2>\n\n\n\n<div class=\"wp-block-buttons is-content-justification-center is-layout-flex wp-container-core-buttons-is-layout-a89b3969 wp-block-buttons-is-layout-flex\">\n<div class=\"wp-block-button\"><a class=\"wp-block-button__link has-orange-background-color has-background wp-element-button\" href=\"https:\/\/www.kabritomedia.com\/es\/contactanos\/\" style=\"border-radius:0px\">Cont\u00e1ctanos<\/a><\/div>\n<\/div>\n<\/div>\n<\/div>\n<\/div>\n","protected":false},"excerpt":{"rendered":"<p>Plazo de entrega r\u00e1pido Entrega en 24 horas de todas las fotos y v\u00eddeos, y en 48 \u200b\u200bhoras para visitas virtuales en 3D, ediciones complejas y solicitudes especiales. Precios claros Precios claros para tus necesidades de publicidad inmobiliaria. Crea tus propios paquetes con opciones adicionales. Y si tus planes cambian por circunstancias imprevistas, no hay [&hellip;]<\/p>\n","protected":false},"author":1,"featured_media":0,"parent":0,"menu_order":0,"comment_status":"closed","ping_status":"closed","template":"","meta":{"footnotes":""},"class_list":["post-1118","page","type-page","status-publish","hentry"],"acf":[],"_links":{"self":[{"href":"https:\/\/www.kabritomedia.com\/es\/wp-json\/wp\/v2\/pages\/1118","targetHints":{"allow":["GET"]}}],"collection":[{"href":"https:\/\/www.kabritomedia.com\/es\/wp-json\/wp\/v2\/pages"}],"about":[{"href":"https:\/\/www.kabritomedia.com\/es\/wp-json\/wp\/v2\/types\/page"}],"author":[{"embeddable":true,"href":"https:\/\/www.kabritomedia.com\/es\/wp-json\/wp\/v2\/users\/1"}],"replies":[{"embeddable":true,"href":"https:\/\/www.kabritomedia.com\/es\/wp-json\/wp\/v2\/comments?post=1118"}],"version-history":[{"count":10,"href":"https:\/\/www.kabritomedia.com\/es\/wp-json\/wp\/v2\/pages\/1118\/revisions"}],"predecessor-version":[{"id":1252,"href":"https:\/\/www.kabritomedia.com\/es\/wp-json\/wp\/v2\/pages\/1118\/revisions\/1252"}],"wp:attachment":[{"href":"https:\/\/www.kabritomedia.com\/es\/wp-json\/wp\/v2\/media?parent=1118"}],"curies":[{"name":"wp","href":"https:\/\/api.w.org\/{rel}","templated":true}]}}