{"id":1109,"date":"2025-02-28T15:42:13","date_gmt":"2025-02-28T15:42:13","guid":{"rendered":"https:\/\/www.kabritomedia.com\/galeria\/"},"modified":"2026-04-27T17:31:20","modified_gmt":"2026-04-27T17:31:20","slug":"galeria","status":"publish","type":"page","link":"https:\/\/www.kabritomedia.com\/es\/galeria\/","title":{"rendered":"Galer\u00eda"},"content":{"rendered":"\n<div class=\"wp-block-cover is-light full-width has-white-color has-text-color has-link-color wp-elements-1206b30bfbee151067bb5c62c59e31b6\" style=\"min-height:638px;aspect-ratio:unset;\"><img loading=\"lazy\" decoding=\"async\" width=\"2560\" height=\"1707\" class=\"wp-block-cover__image-background wp-image-942 size-full\" alt=\"\" src=\"https:\/\/www.kabritomedia.com\/wp-content\/uploads\/terrace-31-scaled.jpg\" style=\"object-position:53% 58%\" data-object-fit=\"cover\" data-object-position=\"53% 58%\" srcset=\"https:\/\/www.kabritomedia.com\/wp-content\/uploads\/terrace-31-scaled.jpg 2560w, https:\/\/www.kabritomedia.com\/wp-content\/uploads\/terrace-31-300x200.jpg 300w, https:\/\/www.kabritomedia.com\/wp-content\/uploads\/terrace-31-1024x683.jpg 1024w, https:\/\/www.kabritomedia.com\/wp-content\/uploads\/terrace-31-768x512.jpg 768w, https:\/\/www.kabritomedia.com\/wp-content\/uploads\/terrace-31-1536x1024.jpg 1536w, https:\/\/www.kabritomedia.com\/wp-content\/uploads\/terrace-31-2048x1365.jpg 2048w\" sizes=\"auto, (max-width: 2560px) 100vw, 2560px\" \/><span aria-hidden=\"true\" class=\"wp-block-cover__background has-gray-background-color has-background-dim\"><\/span><div class=\"wp-block-cover__inner-container is-layout-constrained wp-block-cover-is-layout-constrained\">\n<h1 class=\"wp-block-heading alignfull has-text-align-center has-section-headings-font-size\">Desde alquileres vacacionales con vistas al mar hasta casas aisladas en la ladera de la monta\u00f1a; desde apartamentos urbanos hasta urbanizaciones estilo resort; desde casas adosadas de lujo hasta villas frente al mar; desde M\u00e1laga hasta Estepona y m\u00e1s all\u00e1, podemos ayudarte a hacer que tus anuncios destaquen.<\/h1>\n\n\n\n<p class=\"has-text-align-center has-sub-headings-font-size\">Aqu\u00ed tienes una selecci\u00f3n de algunos proyectos recientemente finalizados.<\/p>\n<\/div><\/div>\n\n<div class=\"wp-block-group is-layout-constrained wp-block-group-is-layout-constrained\">\n<div style=\"height:50px\" aria-hidden=\"true\" class=\"wp-block-spacer\"><\/div>\n\n\n<ul data-count=\"28\" class=\"wp-block-gallery alignundefined columns-5 is-cropped\"><li class=\"blocks-gallery-item\"><figure><img loading=\"lazy\" decoding=\"async\" width=\"1798\" height=\"1200\" src=\"https:\/\/www.kabritomedia.com\/wp-content\/uploads\/pools-2-med.jpg\" alt=\"Pools-2 med\" data-id=\"730\" data-link=\"https:\/\/www.kabritomedia.com\/es\/acerca-de\/pools-2-med-2\/\" class=\"wp-image-730\" srcset=\"https:\/\/www.kabritomedia.com\/wp-content\/uploads\/pools-2-med.jpg 1798w, https:\/\/www.kabritomedia.com\/wp-content\/uploads\/pools-2-med-300x200.jpg 300w, https:\/\/www.kabritomedia.com\/wp-content\/uploads\/pools-2-med-1024x683.jpg 1024w, https:\/\/www.kabritomedia.com\/wp-content\/uploads\/pools-2-med-768x513.jpg 768w, https:\/\/www.kabritomedia.com\/wp-content\/uploads\/pools-2-med-1536x1025.jpg 1536w\" sizes=\"auto, (max-width: 1798px) 100vw, 1798px\" \/><\/figure><\/li><li class=\"blocks-gallery-item\"><figure><img loading=\"lazy\" decoding=\"async\" width=\"1163\" height=\"775\" src=\"https:\/\/www.kabritomedia.com\/wp-content\/uploads\/living-room-9-cropped.jpg\" alt=\"living room (9) cropped\" data-id=\"728\" data-link=\"https:\/\/www.kabritomedia.com\/es\/acerca-de\/living-room-9-cropped-2\/\" class=\"wp-image-728\" srcset=\"https:\/\/www.kabritomedia.com\/wp-content\/uploads\/living-room-9-cropped.jpg 1163w, https:\/\/www.kabritomedia.com\/wp-content\/uploads\/living-room-9-cropped-300x200.jpg 300w, https:\/\/www.kabritomedia.com\/wp-content\/uploads\/living-room-9-cropped-1024x682.jpg 1024w, https:\/\/www.kabritomedia.com\/wp-content\/uploads\/living-room-9-cropped-768x512.jpg 768w\" sizes=\"auto, (max-width: 1163px) 100vw, 1163px\" \/><\/figure><\/li><li class=\"blocks-gallery-item\"><figure><img loading=\"lazy\" decoding=\"async\" width=\"1798\" height=\"1200\" src=\"https:\/\/www.kabritomedia.com\/wp-content\/uploads\/terraces-and-views\/terrace-23.jpg\" alt=\"terrace (23)\" data-id=\"706\" data-link=\"https:\/\/www.kabritomedia.com\/es\/terrace-23-2\/\" class=\"wp-image-706\" srcset=\"https:\/\/www.kabritomedia.com\/wp-content\/uploads\/terraces-and-views\/terrace-23.jpg 1798w, https:\/\/www.kabritomedia.com\/wp-content\/uploads\/terraces-and-views\/terrace-23-300x200.jpg 300w, https:\/\/www.kabritomedia.com\/wp-content\/uploads\/terraces-and-views\/terrace-23-1024x683.jpg 1024w, https:\/\/www.kabritomedia.com\/wp-content\/uploads\/terraces-and-views\/terrace-23-768x513.jpg 768w, https:\/\/www.kabritomedia.com\/wp-content\/uploads\/terraces-and-views\/terrace-23-1536x1025.jpg 1536w\" sizes=\"auto, (max-width: 1798px) 100vw, 1798px\" \/><\/figure><\/li><li class=\"blocks-gallery-item\"><figure><img loading=\"lazy\" decoding=\"async\" width=\"1280\" height=\"853\" src=\"https:\/\/www.kabritomedia.com\/wp-content\/uploads\/terraces-and-views\/terrace-9.jpg\" alt=\"terrace (9)\" data-id=\"704\" data-link=\"https:\/\/www.kabritomedia.com\/es\/terrace-9-2\/\" class=\"wp-image-704\" srcset=\"https:\/\/www.kabritomedia.com\/wp-content\/uploads\/terraces-and-views\/terrace-9.jpg 1280w, https:\/\/www.kabritomedia.com\/wp-content\/uploads\/terraces-and-views\/terrace-9-300x200.jpg 300w, https:\/\/www.kabritomedia.com\/wp-content\/uploads\/terraces-and-views\/terrace-9-1024x682.jpg 1024w, https:\/\/www.kabritomedia.com\/wp-content\/uploads\/terraces-and-views\/terrace-9-768x512.jpg 768w\" sizes=\"auto, (max-width: 1280px) 100vw, 1280px\" \/><\/figure><\/li><li class=\"blocks-gallery-item\"><figure><img loading=\"lazy\" decoding=\"async\" width=\"1280\" height=\"855\" src=\"https:\/\/www.kabritomedia.com\/wp-content\/uploads\/terraces-and-views\/terrace-7.jpg\" alt=\"terrace (7)\" data-id=\"700\" data-link=\"https:\/\/www.kabritomedia.com\/es\/terrace-7-2\/\" class=\"wp-image-700\" srcset=\"https:\/\/www.kabritomedia.com\/wp-content\/uploads\/terraces-and-views\/terrace-7.jpg 1280w, https:\/\/www.kabritomedia.com\/wp-content\/uploads\/terraces-and-views\/terrace-7-300x200.jpg 300w, https:\/\/www.kabritomedia.com\/wp-content\/uploads\/terraces-and-views\/terrace-7-1024x684.jpg 1024w, https:\/\/www.kabritomedia.com\/wp-content\/uploads\/terraces-and-views\/terrace-7-768x513.jpg 768w\" sizes=\"auto, (max-width: 1280px) 100vw, 1280px\" \/><\/figure><\/li><li class=\"blocks-gallery-item\"><figure><img loading=\"lazy\" decoding=\"async\" width=\"1280\" height=\"853\" src=\"https:\/\/www.kabritomedia.com\/wp-content\/uploads\/terraces-and-views\/terrace-5.jpg\" alt=\"terrace (5)\" data-id=\"696\" data-link=\"https:\/\/www.kabritomedia.com\/es\/terrace-5-2\/\" class=\"wp-image-696\" srcset=\"https:\/\/www.kabritomedia.com\/wp-content\/uploads\/terraces-and-views\/terrace-5.jpg 1280w, https:\/\/www.kabritomedia.com\/wp-content\/uploads\/terraces-and-views\/terrace-5-300x200.jpg 300w, https:\/\/www.kabritomedia.com\/wp-content\/uploads\/terraces-and-views\/terrace-5-1024x682.jpg 1024w, https:\/\/www.kabritomedia.com\/wp-content\/uploads\/terraces-and-views\/terrace-5-768x512.jpg 768w\" sizes=\"auto, (max-width: 1280px) 100vw, 1280px\" \/><\/figure><\/li><li class=\"blocks-gallery-item\"><figure><img loading=\"lazy\" decoding=\"async\" width=\"1280\" height=\"853\" src=\"https:\/\/www.kabritomedia.com\/wp-content\/uploads\/terraces-and-views\/terrace-2.jpg\" alt=\"terrace (2)\" data-id=\"690\" data-link=\"https:\/\/www.kabritomedia.com\/es\/terrace-2-2\/\" class=\"wp-image-690\" srcset=\"https:\/\/www.kabritomedia.com\/wp-content\/uploads\/terraces-and-views\/terrace-2.jpg 1280w, https:\/\/www.kabritomedia.com\/wp-content\/uploads\/terraces-and-views\/terrace-2-300x200.jpg 300w, https:\/\/www.kabritomedia.com\/wp-content\/uploads\/terraces-and-views\/terrace-2-1024x682.jpg 1024w, https:\/\/www.kabritomedia.com\/wp-content\/uploads\/terraces-and-views\/terrace-2-768x512.jpg 768w\" sizes=\"auto, (max-width: 1280px) 100vw, 1280px\" \/><\/figure><\/li><li class=\"blocks-gallery-item\"><figure><img loading=\"lazy\" decoding=\"async\" width=\"1280\" height=\"853\" src=\"https:\/\/www.kabritomedia.com\/wp-content\/uploads\/terraces-and-views\/terrace-14.jpg\" alt=\"terrace (14)\" data-id=\"668\" data-link=\"https:\/\/www.kabritomedia.com\/es\/terrace-14-2\/\" class=\"wp-image-668\" srcset=\"https:\/\/www.kabritomedia.com\/wp-content\/uploads\/terraces-and-views\/terrace-14.jpg 1280w, https:\/\/www.kabritomedia.com\/wp-content\/uploads\/terraces-and-views\/terrace-14-300x200.jpg 300w, https:\/\/www.kabritomedia.com\/wp-content\/uploads\/terraces-and-views\/terrace-14-1024x682.jpg 1024w, https:\/\/www.kabritomedia.com\/wp-content\/uploads\/terraces-and-views\/terrace-14-768x512.jpg 768w\" sizes=\"auto, (max-width: 1280px) 100vw, 1280px\" \/><\/figure><\/li><li class=\"blocks-gallery-item\"><figure><img loading=\"lazy\" decoding=\"async\" width=\"1280\" height=\"853\" src=\"https:\/\/www.kabritomedia.com\/wp-content\/uploads\/terraces-and-views\/terrace-11.jpg\" alt=\"terrace (11)\" data-id=\"662\" data-link=\"https:\/\/www.kabritomedia.com\/es\/terrace-11-2\/\" class=\"wp-image-662\" srcset=\"https:\/\/www.kabritomedia.com\/wp-content\/uploads\/terraces-and-views\/terrace-11.jpg 1280w, https:\/\/www.kabritomedia.com\/wp-content\/uploads\/terraces-and-views\/terrace-11-300x200.jpg 300w, https:\/\/www.kabritomedia.com\/wp-content\/uploads\/terraces-and-views\/terrace-11-1024x682.jpg 1024w, https:\/\/www.kabritomedia.com\/wp-content\/uploads\/terraces-and-views\/terrace-11-768x512.jpg 768w\" sizes=\"auto, (max-width: 1280px) 100vw, 1280px\" \/><\/figure><\/li><li class=\"blocks-gallery-item\"><figure><img loading=\"lazy\" decoding=\"async\" width=\"1280\" height=\"853\" src=\"https:\/\/www.kabritomedia.com\/wp-content\/uploads\/living-rooms\/living-room-17.jpg\" alt=\"living room (17)\" data-id=\"658\" data-link=\"https:\/\/www.kabritomedia.com\/es\/living-room-17-2\/\" class=\"wp-image-658\" srcset=\"https:\/\/www.kabritomedia.com\/wp-content\/uploads\/living-rooms\/living-room-17.jpg 1280w, https:\/\/www.kabritomedia.com\/wp-content\/uploads\/living-rooms\/living-room-17-300x200.jpg 300w, https:\/\/www.kabritomedia.com\/wp-content\/uploads\/living-rooms\/living-room-17-1024x682.jpg 1024w, https:\/\/www.kabritomedia.com\/wp-content\/uploads\/living-rooms\/living-room-17-768x512.jpg 768w\" sizes=\"auto, (max-width: 1280px) 100vw, 1280px\" \/><\/figure><\/li><li class=\"blocks-gallery-item\"><figure><img loading=\"lazy\" decoding=\"async\" width=\"1280\" height=\"853\" src=\"https:\/\/www.kabritomedia.com\/wp-content\/uploads\/dining-rooms\/dining-room-4.jpg\" alt=\"dining room (4)\" data-id=\"600\" data-link=\"https:\/\/www.kabritomedia.com\/es\/dining-room-4-2\/\" class=\"wp-image-600\" srcset=\"https:\/\/www.kabritomedia.com\/wp-content\/uploads\/dining-rooms\/dining-room-4.jpg 1280w, https:\/\/www.kabritomedia.com\/wp-content\/uploads\/dining-rooms\/dining-room-4-300x200.jpg 300w, https:\/\/www.kabritomedia.com\/wp-content\/uploads\/dining-rooms\/dining-room-4-1024x682.jpg 1024w, https:\/\/www.kabritomedia.com\/wp-content\/uploads\/dining-rooms\/dining-room-4-768x512.jpg 768w\" sizes=\"auto, (max-width: 1280px) 100vw, 1280px\" \/><\/figure><\/li><li class=\"blocks-gallery-item\"><figure><img loading=\"lazy\" decoding=\"async\" width=\"1280\" height=\"853\" src=\"https:\/\/www.kabritomedia.com\/wp-content\/uploads\/dining-rooms\/dining-room-1.jpg\" alt=\"dining room (1)\" data-id=\"594\" data-link=\"https:\/\/www.kabritomedia.com\/es\/dining-room-1-2\/\" class=\"wp-image-594\" srcset=\"https:\/\/www.kabritomedia.com\/wp-content\/uploads\/dining-rooms\/dining-room-1.jpg 1280w, https:\/\/www.kabritomedia.com\/wp-content\/uploads\/dining-rooms\/dining-room-1-300x200.jpg 300w, https:\/\/www.kabritomedia.com\/wp-content\/uploads\/dining-rooms\/dining-room-1-1024x682.jpg 1024w, https:\/\/www.kabritomedia.com\/wp-content\/uploads\/dining-rooms\/dining-room-1-768x512.jpg 768w\" sizes=\"auto, (max-width: 1280px) 100vw, 1280px\" \/><\/figure><\/li><li class=\"blocks-gallery-item\"><figure><img loading=\"lazy\" decoding=\"async\" width=\"1280\" height=\"853\" src=\"https:\/\/www.kabritomedia.com\/wp-content\/uploads\/detail-and-cool-shots\/details-shots-9.jpg\" alt=\"Details shots (9)\" data-id=\"588\" data-link=\"https:\/\/www.kabritomedia.com\/es\/details-shots-9-2\/\" class=\"wp-image-588\" srcset=\"https:\/\/www.kabritomedia.com\/wp-content\/uploads\/detail-and-cool-shots\/details-shots-9.jpg 1280w, https:\/\/www.kabritomedia.com\/wp-content\/uploads\/detail-and-cool-shots\/details-shots-9-300x200.jpg 300w, https:\/\/www.kabritomedia.com\/wp-content\/uploads\/detail-and-cool-shots\/details-shots-9-1024x682.jpg 1024w, https:\/\/www.kabritomedia.com\/wp-content\/uploads\/detail-and-cool-shots\/details-shots-9-768x512.jpg 768w\" sizes=\"auto, (max-width: 1280px) 100vw, 1280px\" \/><\/figure><\/li><li class=\"blocks-gallery-item\"><figure><img loading=\"lazy\" decoding=\"async\" width=\"1280\" height=\"853\" src=\"https:\/\/www.kabritomedia.com\/wp-content\/uploads\/detail-and-cool-shots\/details-shots-8.jpg\" alt=\"Details shots (8)\" data-id=\"586\" data-link=\"https:\/\/www.kabritomedia.com\/es\/details-shots-8-2\/\" class=\"wp-image-586\" srcset=\"https:\/\/www.kabritomedia.com\/wp-content\/uploads\/detail-and-cool-shots\/details-shots-8.jpg 1280w, https:\/\/www.kabritomedia.com\/wp-content\/uploads\/detail-and-cool-shots\/details-shots-8-300x200.jpg 300w, https:\/\/www.kabritomedia.com\/wp-content\/uploads\/detail-and-cool-shots\/details-shots-8-1024x682.jpg 1024w, https:\/\/www.kabritomedia.com\/wp-content\/uploads\/detail-and-cool-shots\/details-shots-8-768x512.jpg 768w\" sizes=\"auto, (max-width: 1280px) 100vw, 1280px\" \/><\/figure><\/li><li class=\"blocks-gallery-item\"><figure><img loading=\"lazy\" decoding=\"async\" width=\"1280\" height=\"853\" src=\"https:\/\/www.kabritomedia.com\/wp-content\/uploads\/detail-and-cool-shots\/details-shots-6.jpg\" alt=\"Details shots (6)\" data-id=\"582\" data-link=\"https:\/\/www.kabritomedia.com\/es\/details-shots-6-2\/\" class=\"wp-image-582\" srcset=\"https:\/\/www.kabritomedia.com\/wp-content\/uploads\/detail-and-cool-shots\/details-shots-6.jpg 1280w, https:\/\/www.kabritomedia.com\/wp-content\/uploads\/detail-and-cool-shots\/details-shots-6-300x200.jpg 300w, https:\/\/www.kabritomedia.com\/wp-content\/uploads\/detail-and-cool-shots\/details-shots-6-1024x682.jpg 1024w, https:\/\/www.kabritomedia.com\/wp-content\/uploads\/detail-and-cool-shots\/details-shots-6-768x512.jpg 768w\" sizes=\"auto, (max-width: 1280px) 100vw, 1280px\" \/><\/figure><\/li><li class=\"blocks-gallery-item\"><figure><img loading=\"lazy\" decoding=\"async\" width=\"1280\" height=\"853\" src=\"https:\/\/www.kabritomedia.com\/wp-content\/uploads\/bathrooms\/bathroom-5.jpg\" alt=\"bathroom (5)\" data-id=\"506\" data-link=\"https:\/\/www.kabritomedia.com\/es\/bathroom-5-2\/\" class=\"wp-image-506\" srcset=\"https:\/\/www.kabritomedia.com\/wp-content\/uploads\/bathrooms\/bathroom-5.jpg 1280w, https:\/\/www.kabritomedia.com\/wp-content\/uploads\/bathrooms\/bathroom-5-300x200.jpg 300w, https:\/\/www.kabritomedia.com\/wp-content\/uploads\/bathrooms\/bathroom-5-1024x682.jpg 1024w, https:\/\/www.kabritomedia.com\/wp-content\/uploads\/bathrooms\/bathroom-5-768x512.jpg 768w\" sizes=\"auto, (max-width: 1280px) 100vw, 1280px\" \/><\/figure><\/li><li class=\"blocks-gallery-item\"><figure><img loading=\"lazy\" decoding=\"async\" width=\"1280\" height=\"853\" src=\"https:\/\/www.kabritomedia.com\/wp-content\/uploads\/bathrooms\/bathroom-1.jpg\" alt=\"bathroom (1)\" data-id=\"498\" data-link=\"https:\/\/www.kabritomedia.com\/es\/bathroom-1-2\/\" class=\"wp-image-498\" srcset=\"https:\/\/www.kabritomedia.com\/wp-content\/uploads\/bathrooms\/bathroom-1.jpg 1280w, https:\/\/www.kabritomedia.com\/wp-content\/uploads\/bathrooms\/bathroom-1-300x200.jpg 300w, https:\/\/www.kabritomedia.com\/wp-content\/uploads\/bathrooms\/bathroom-1-1024x682.jpg 1024w, https:\/\/www.kabritomedia.com\/wp-content\/uploads\/bathrooms\/bathroom-1-768x512.jpg 768w\" sizes=\"auto, (max-width: 1280px) 100vw, 1280px\" \/><\/figure><\/li><li class=\"blocks-gallery-item\"><figure><img loading=\"lazy\" decoding=\"async\" width=\"1280\" height=\"853\" src=\"https:\/\/www.kabritomedia.com\/wp-content\/uploads\/bedrooms\/bedroom-for-web-7.jpg\" alt=\"bedroom for web (7)\" data-id=\"496\" data-link=\"https:\/\/www.kabritomedia.com\/es\/bedroom-for-web-7-2\/\" class=\"wp-image-496\" srcset=\"https:\/\/www.kabritomedia.com\/wp-content\/uploads\/bedrooms\/bedroom-for-web-7.jpg 1280w, https:\/\/www.kabritomedia.com\/wp-content\/uploads\/bedrooms\/bedroom-for-web-7-300x200.jpg 300w, https:\/\/www.kabritomedia.com\/wp-content\/uploads\/bedrooms\/bedroom-for-web-7-1024x682.jpg 1024w, https:\/\/www.kabritomedia.com\/wp-content\/uploads\/bedrooms\/bedroom-for-web-7-768x512.jpg 768w\" sizes=\"auto, (max-width: 1280px) 100vw, 1280px\" \/><\/figure><\/li><li class=\"blocks-gallery-item\"><figure><img loading=\"lazy\" decoding=\"async\" width=\"1280\" height=\"853\" src=\"https:\/\/www.kabritomedia.com\/wp-content\/uploads\/bedrooms\/bedroom-for-web-6.jpg\" alt=\"bedroom for web (6)\" data-id=\"494\" data-link=\"https:\/\/www.kabritomedia.com\/es\/bedroom-for-web-6-2\/\" class=\"wp-image-494\" srcset=\"https:\/\/www.kabritomedia.com\/wp-content\/uploads\/bedrooms\/bedroom-for-web-6.jpg 1280w, https:\/\/www.kabritomedia.com\/wp-content\/uploads\/bedrooms\/bedroom-for-web-6-300x200.jpg 300w, https:\/\/www.kabritomedia.com\/wp-content\/uploads\/bedrooms\/bedroom-for-web-6-1024x682.jpg 1024w, https:\/\/www.kabritomedia.com\/wp-content\/uploads\/bedrooms\/bedroom-for-web-6-768x512.jpg 768w\" sizes=\"auto, (max-width: 1280px) 100vw, 1280px\" \/><\/figure><\/li><li class=\"blocks-gallery-item\"><figure><img loading=\"lazy\" decoding=\"async\" width=\"1280\" height=\"853\" src=\"https:\/\/www.kabritomedia.com\/wp-content\/uploads\/bedrooms\/bedroom-for-web-5.jpg\" alt=\"bedroom for web (5)\" data-id=\"492\" data-link=\"https:\/\/www.kabritomedia.com\/es\/bedroom-for-web-5-2\/\" class=\"wp-image-492\" srcset=\"https:\/\/www.kabritomedia.com\/wp-content\/uploads\/bedrooms\/bedroom-for-web-5.jpg 1280w, https:\/\/www.kabritomedia.com\/wp-content\/uploads\/bedrooms\/bedroom-for-web-5-300x200.jpg 300w, https:\/\/www.kabritomedia.com\/wp-content\/uploads\/bedrooms\/bedroom-for-web-5-1024x682.jpg 1024w, https:\/\/www.kabritomedia.com\/wp-content\/uploads\/bedrooms\/bedroom-for-web-5-768x512.jpg 768w\" sizes=\"auto, (max-width: 1280px) 100vw, 1280px\" \/><\/figure><\/li><li class=\"blocks-gallery-item\"><figure><img loading=\"lazy\" decoding=\"async\" width=\"1280\" height=\"853\" src=\"https:\/\/www.kabritomedia.com\/wp-content\/uploads\/bedrooms\/bedroom-for-web-4.jpg\" alt=\"bedroom for web (4)\" data-id=\"490\" data-link=\"https:\/\/www.kabritomedia.com\/es\/bedroom-for-web-4-2\/\" class=\"wp-image-490\" srcset=\"https:\/\/www.kabritomedia.com\/wp-content\/uploads\/bedrooms\/bedroom-for-web-4.jpg 1280w, https:\/\/www.kabritomedia.com\/wp-content\/uploads\/bedrooms\/bedroom-for-web-4-300x200.jpg 300w, https:\/\/www.kabritomedia.com\/wp-content\/uploads\/bedrooms\/bedroom-for-web-4-1024x682.jpg 1024w, https:\/\/www.kabritomedia.com\/wp-content\/uploads\/bedrooms\/bedroom-for-web-4-768x512.jpg 768w\" sizes=\"auto, (max-width: 1280px) 100vw, 1280px\" \/><\/figure><\/li><li class=\"blocks-gallery-item\"><figure><img loading=\"lazy\" decoding=\"async\" width=\"1280\" height=\"853\" src=\"https:\/\/www.kabritomedia.com\/wp-content\/uploads\/drone\/drone-for-website-14.jpg\" alt=\"drone for website (14)\" data-id=\"478\" data-link=\"https:\/\/www.kabritomedia.com\/es\/drone-for-website-14-2\/\" class=\"wp-image-478\" srcset=\"https:\/\/www.kabritomedia.com\/wp-content\/uploads\/drone\/drone-for-website-14.jpg 1280w, https:\/\/www.kabritomedia.com\/wp-content\/uploads\/drone\/drone-for-website-14-300x200.jpg 300w, https:\/\/www.kabritomedia.com\/wp-content\/uploads\/drone\/drone-for-website-14-1024x682.jpg 1024w, https:\/\/www.kabritomedia.com\/wp-content\/uploads\/drone\/drone-for-website-14-768x512.jpg 768w\" sizes=\"auto, (max-width: 1280px) 100vw, 1280px\" \/><\/figure><\/li><li class=\"blocks-gallery-item\"><figure><img loading=\"lazy\" decoding=\"async\" width=\"1280\" height=\"853\" src=\"https:\/\/www.kabritomedia.com\/wp-content\/uploads\/drone\/drone-for-website-13.jpg\" alt=\"drone for website (13)\" data-id=\"476\" data-link=\"https:\/\/www.kabritomedia.com\/es\/drone-for-website-13-2\/\" class=\"wp-image-476\" srcset=\"https:\/\/www.kabritomedia.com\/wp-content\/uploads\/drone\/drone-for-website-13.jpg 1280w, https:\/\/www.kabritomedia.com\/wp-content\/uploads\/drone\/drone-for-website-13-300x200.jpg 300w, https:\/\/www.kabritomedia.com\/wp-content\/uploads\/drone\/drone-for-website-13-1024x682.jpg 1024w, https:\/\/www.kabritomedia.com\/wp-content\/uploads\/drone\/drone-for-website-13-768x512.jpg 768w\" sizes=\"auto, (max-width: 1280px) 100vw, 1280px\" \/><\/figure><\/li><li class=\"blocks-gallery-item\"><figure><img loading=\"lazy\" decoding=\"async\" width=\"1280\" height=\"960\" src=\"https:\/\/www.kabritomedia.com\/wp-content\/uploads\/drone\/drone-for-website-11.jpg\" alt=\"drone for website (11)\" data-id=\"468\" data-link=\"https:\/\/www.kabritomedia.com\/es\/drone-for-website-11-2\/\" class=\"wp-image-468\" srcset=\"https:\/\/www.kabritomedia.com\/wp-content\/uploads\/drone\/drone-for-website-11.jpg 1280w, https:\/\/www.kabritomedia.com\/wp-content\/uploads\/drone\/drone-for-website-11-300x225.jpg 300w, https:\/\/www.kabritomedia.com\/wp-content\/uploads\/drone\/drone-for-website-11-1024x768.jpg 1024w, https:\/\/www.kabritomedia.com\/wp-content\/uploads\/drone\/drone-for-website-11-768x576.jpg 768w\" sizes=\"auto, (max-width: 1280px) 100vw, 1280px\" \/><\/figure><\/li><li class=\"blocks-gallery-item\"><figure><img loading=\"lazy\" decoding=\"async\" width=\"1280\" height=\"853\" src=\"https:\/\/www.kabritomedia.com\/wp-content\/uploads\/drone\/drone-for-website-8.jpg\" alt=\"drone for website (8)\" data-id=\"460\" data-link=\"https:\/\/www.kabritomedia.com\/es\/drone-for-website-8-2\/\" class=\"wp-image-460\" srcset=\"https:\/\/www.kabritomedia.com\/wp-content\/uploads\/drone\/drone-for-website-8.jpg 1280w, https:\/\/www.kabritomedia.com\/wp-content\/uploads\/drone\/drone-for-website-8-300x200.jpg 300w, https:\/\/www.kabritomedia.com\/wp-content\/uploads\/drone\/drone-for-website-8-1024x682.jpg 1024w, https:\/\/www.kabritomedia.com\/wp-content\/uploads\/drone\/drone-for-website-8-768x512.jpg 768w\" sizes=\"auto, (max-width: 1280px) 100vw, 1280px\" \/><\/figure><\/li><li class=\"blocks-gallery-item\"><figure><img loading=\"lazy\" decoding=\"async\" width=\"1797\" height=\"1200\" src=\"https:\/\/www.kabritomedia.com\/wp-content\/uploads\/2025\/05\/Exteriors-3.jpg\" alt=\"Street view of villa in Marbella\" data-id=\"322\" data-link=\"https:\/\/www.kabritomedia.com\/es\/hogar\/exteriors-3-2\/\" class=\"wp-image-322\" srcset=\"https:\/\/www.kabritomedia.com\/wp-content\/uploads\/2025\/05\/Exteriors-3.jpg 1797w, https:\/\/www.kabritomedia.com\/wp-content\/uploads\/2025\/05\/Exteriors-3-300x200.jpg 300w, https:\/\/www.kabritomedia.com\/wp-content\/uploads\/2025\/05\/Exteriors-3-1024x684.jpg 1024w, https:\/\/www.kabritomedia.com\/wp-content\/uploads\/2025\/05\/Exteriors-3-768x513.jpg 768w, https:\/\/www.kabritomedia.com\/wp-content\/uploads\/2025\/05\/Exteriors-3-1536x1026.jpg 1536w\" sizes=\"auto, (max-width: 1797px) 100vw, 1797px\" \/><\/figure><\/li><li class=\"blocks-gallery-item\"><figure><img loading=\"lazy\" decoding=\"async\" width=\"1798\" height=\"1200\" src=\"https:\/\/www.kabritomedia.com\/wp-content\/uploads\/2025\/05\/Pools-21.jpg\" alt=\"Pools-21\" data-id=\"263\" data-link=\"https:\/\/www.kabritomedia.com\/es\/pools-21-2\/\" class=\"wp-image-263\" srcset=\"https:\/\/www.kabritomedia.com\/wp-content\/uploads\/2025\/05\/Pools-21.jpg 1798w, https:\/\/www.kabritomedia.com\/wp-content\/uploads\/2025\/05\/Pools-21-300x200.jpg 300w, https:\/\/www.kabritomedia.com\/wp-content\/uploads\/2025\/05\/Pools-21-1024x683.jpg 1024w, https:\/\/www.kabritomedia.com\/wp-content\/uploads\/2025\/05\/Pools-21-768x513.jpg 768w, https:\/\/www.kabritomedia.com\/wp-content\/uploads\/2025\/05\/Pools-21-1536x1025.jpg 1536w\" sizes=\"auto, (max-width: 1798px) 100vw, 1798px\" \/><\/figure><\/li><li class=\"blocks-gallery-item\"><figure><img loading=\"lazy\" decoding=\"async\" width=\"1800\" height=\"1200\" src=\"https:\/\/www.kabritomedia.com\/wp-content\/uploads\/2025\/05\/Pools-9.jpg\" alt=\"Pools-9\" data-id=\"261\" data-link=\"https:\/\/www.kabritomedia.com\/es\/pools-9-2\/\" class=\"wp-image-261\" srcset=\"https:\/\/www.kabritomedia.com\/wp-content\/uploads\/2025\/05\/Pools-9.jpg 1800w, https:\/\/www.kabritomedia.com\/wp-content\/uploads\/2025\/05\/Pools-9-300x200.jpg 300w, https:\/\/www.kabritomedia.com\/wp-content\/uploads\/2025\/05\/Pools-9-1024x683.jpg 1024w, https:\/\/www.kabritomedia.com\/wp-content\/uploads\/2025\/05\/Pools-9-768x512.jpg 768w, https:\/\/www.kabritomedia.com\/wp-content\/uploads\/2025\/05\/Pools-9-1536x1024.jpg 1536w\" sizes=\"auto, (max-width: 1800px) 100vw, 1800px\" \/><\/figure><\/li><\/ul><\/div>\n","protected":false},"excerpt":{"rendered":"<p>Costa del Sol Gran Montreal Piscinas y jardines Fotograf\u00eda inmobiliaria comercial<\/p>\n","protected":false},"author":1,"featured_media":0,"parent":0,"menu_order":0,"comment_status":"closed","ping_status":"closed","template":"","meta":{"footnotes":""},"class_list":["post-1109","page","type-page","status-publish","hentry"],"acf":[],"_links":{"self":[{"href":"https:\/\/www.kabritomedia.com\/es\/wp-json\/wp\/v2\/pages\/1109","targetHints":{"allow":["GET"]}}],"collection":[{"href":"https:\/\/www.kabritomedia.com\/es\/wp-json\/wp\/v2\/pages"}],"about":[{"href":"https:\/\/www.kabritomedia.com\/es\/wp-json\/wp\/v2\/types\/page"}],"author":[{"embeddable":true,"href":"https:\/\/www.kabritomedia.com\/es\/wp-json\/wp\/v2\/users\/1"}],"replies":[{"embeddable":true,"href":"https:\/\/www.kabritomedia.com\/es\/wp-json\/wp\/v2\/comments?post=1109"}],"version-history":[{"count":6,"href":"https:\/\/www.kabritomedia.com\/es\/wp-json\/wp\/v2\/pages\/1109\/revisions"}],"predecessor-version":[{"id":1258,"href":"https:\/\/www.kabritomedia.com\/es\/wp-json\/wp\/v2\/pages\/1109\/revisions\/1258"}],"wp:attachment":[{"href":"https:\/\/www.kabritomedia.com\/es\/wp-json\/wp\/v2\/media?parent=1109"}],"curies":[{"name":"wp","href":"https:\/\/api.w.org\/{rel}","templated":true}]}}