{"id":1108,"date":"2024-11-14T12:30:18","date_gmt":"2024-11-14T12:30:18","guid":{"rendered":"https:\/\/www.kabritomedia.com\/servicios\/"},"modified":"2026-04-27T17:28:49","modified_gmt":"2026-04-27T17:28:49","slug":"servicios","status":"publish","type":"page","link":"https:\/\/www.kabritomedia.com\/es\/servicios\/","title":{"rendered":"Servicios"},"content":{"rendered":"\n<div class=\"wp-block-cover is-light full-width has-white-color has-text-color has-link-color wp-elements-e2cdc56c277aec20a74a7436d6512cf1\" style=\"min-height:638px;aspect-ratio:unset;\"><img loading=\"lazy\" decoding=\"async\" width=\"2400\" height=\"1600\" class=\"wp-block-cover__image-background wp-image-758 size-full\" alt=\"\" src=\"https:\/\/www.kabritomedia.com\/wp-content\/uploads\/exteriors-9-med.jpg\" style=\"object-position:56% 74%\" data-object-fit=\"cover\" data-object-position=\"56% 74%\" srcset=\"https:\/\/www.kabritomedia.com\/wp-content\/uploads\/exteriors-9-med.jpg 2400w, https:\/\/www.kabritomedia.com\/wp-content\/uploads\/exteriors-9-med-300x200.jpg 300w, https:\/\/www.kabritomedia.com\/wp-content\/uploads\/exteriors-9-med-1024x683.jpg 1024w, https:\/\/www.kabritomedia.com\/wp-content\/uploads\/exteriors-9-med-768x512.jpg 768w, https:\/\/www.kabritomedia.com\/wp-content\/uploads\/exteriors-9-med-1536x1024.jpg 1536w, https:\/\/www.kabritomedia.com\/wp-content\/uploads\/exteriors-9-med-2048x1365.jpg 2048w\" sizes=\"auto, (max-width: 2400px) 100vw, 2400px\" \/><span aria-hidden=\"true\" class=\"wp-block-cover__background has-gray-background-color has-background-dim\"><\/span><div class=\"wp-block-cover__inner-container is-layout-flow wp-block-cover-is-layout-flow\">\n<h1 class=\"wp-block-heading has-text-align-center has-white-color has-text-color has-link-color has-section-headings-font-size wp-elements-1a7ff129fb71c8fa5b8b1fc254daf1bd\">Sea cual sea tu necesidad de contenido visual inmobiliario, nosotros nos encargamos. <br\/>\u00a1Consulta nuestros servicios y precios a continuaci\u00f3n!<\/h1>\n<\/div><\/div>\n\n<div class=\"wp-block-group columns-large-images is-layout-constrained wp-block-group-is-layout-constrained\">\n\n\n<div style=\"height:100px\" aria-hidden=\"true\" class=\"wp-block-spacer\"><\/div>\n\n\n\n<div class=\"wp-block-columns reveal left is-layout-flex wp-container-core-columns-is-layout-28f84493 wp-block-columns-is-layout-flex\">\n<div class=\"wp-block-column is-vertically-aligned-center is-layout-flow wp-block-column-is-layout-flow\" style=\"flex-basis:33.33%\">\n<figure class=\"wp-block-image size-full\"><img loading=\"lazy\" decoding=\"async\" width=\"1280\" height=\"853\" src=\"https:\/\/www.kabritomedia.com\/wp-content\/uploads\/kitchens\/kitchen-8.jpg\" alt=\"\" class=\"wp-image-605\" style=\"box-shadow:var(--wp--preset--shadow--natural)\" srcset=\"https:\/\/www.kabritomedia.com\/wp-content\/uploads\/kitchens\/kitchen-8.jpg 1280w, https:\/\/www.kabritomedia.com\/wp-content\/uploads\/kitchens\/kitchen-8-300x200.jpg 300w, https:\/\/www.kabritomedia.com\/wp-content\/uploads\/kitchens\/kitchen-8-1024x682.jpg 1024w, https:\/\/www.kabritomedia.com\/wp-content\/uploads\/kitchens\/kitchen-8-768x512.jpg 768w\" sizes=\"auto, (max-width: 1280px) 100vw, 1280px\" \/><\/figure>\n<\/div>\n\n\n\n<div class=\"wp-block-column is-vertically-aligned-center is-layout-flow wp-block-column-is-layout-flow\" style=\"flex-basis:66.66%\">\n<h2 class=\"wp-block-heading\" id=\"interior-exterior-photos\">Fotos interiores y exteriores<\/h2>\n\n\n\n<p>Fotograf\u00edas de alta calidad para tus anuncios, editadas a la perfecci\u00f3n mediante un proceso de 16 pasos para garantizar que tus im\u00e1genes siempre luzcan impecables. Incluye nuestra \u00abgarant\u00eda de cielo azul\u00bb.  <\/p>\n\n\n\n<p>24 fotos | <strong>135 \u20ac<\/strong><\/p>\n\n\n\n<p>36 fotos | <strong>165 \u20ac<\/strong><\/p>\n\n\n\n<p>48 fotos | <strong>195 \u20ac<\/strong><\/p>\n\n\n\n<div class=\"wp-block-buttons is-layout-flex wp-block-buttons-is-layout-flex\">\n<div class=\"wp-block-button is-style-outline is-style-outline--1\"><a class=\"wp-block-button__link has-accent-color has-text-color wp-element-button\" href=\"https:\/\/view.kabritomedia.com\/order\" style=\"border-radius:0px\">RESERVA AHORA<\/a><\/div>\n<\/div>\n<\/div>\n<\/div>\n\n\n\n<div style=\"height:10px\" aria-hidden=\"true\" class=\"wp-block-spacer\"><\/div>\n\n\n\n<div class=\"wp-block-columns reveal right reverse-mobile is-layout-flex wp-container-core-columns-is-layout-28f84493 wp-block-columns-is-layout-flex\">\n<div class=\"wp-block-column is-vertically-aligned-center is-layout-flow wp-block-column-is-layout-flow\" style=\"flex-basis:66.66%\">\n<h2 class=\"wp-block-heading\" id=\"Video\">V\u00eddeo<\/h2>\n\n\n\n<p>V\u00eddeos cinematogr\u00e1ficos para anuncios inmobiliarios o reels verticales para redes sociales (entrega en 48 horas).<\/p>\n\n\n\n<p>V\u00eddeo cinematogr\u00e1fico (hasta 150 m\u00b2) | <strong>150 \u20ac<\/strong><\/p>\n\n\n\n<p>V\u00eddeo cinematogr\u00e1fico (m\u00e1s de 150 m\u00b2) | <strong>180 \u20ac<\/strong><\/p>\n\n\n\n<p>V\u00eddeos verticales (recorrido o momentos destacados) | <strong>100 \u20ac<\/strong><\/p>\n\n\n\n<div class=\"wp-block-buttons is-layout-flex wp-block-buttons-is-layout-flex\">\n<div class=\"wp-block-button is-style-outline is-style-outline--2\"><a class=\"wp-block-button__link has-accent-color has-text-color wp-element-button\" href=\"https:\/\/www.kabritomedia.com\/es\/contactanos\/\" style=\"border-radius:0px\">RESERVA AHORA<\/a><\/div>\n<\/div>\n<\/div>\n\n\n\n<div class=\"wp-block-column is-vertically-aligned-center is-layout-flow wp-block-column-is-layout-flow\" style=\"flex-basis:33.33%\">\n<figure class=\"wp-block-image size-full\"><img loading=\"lazy\" decoding=\"async\" width=\"1280\" height=\"853\" src=\"https:\/\/www.kabritomedia.com\/wp-content\/uploads\/living-rooms\/living-room-13.jpg\" alt=\"\" class=\"wp-image-649\" style=\"box-shadow:var(--wp--preset--shadow--natural)\" srcset=\"https:\/\/www.kabritomedia.com\/wp-content\/uploads\/living-rooms\/living-room-13.jpg 1280w, https:\/\/www.kabritomedia.com\/wp-content\/uploads\/living-rooms\/living-room-13-300x200.jpg 300w, https:\/\/www.kabritomedia.com\/wp-content\/uploads\/living-rooms\/living-room-13-1024x682.jpg 1024w, https:\/\/www.kabritomedia.com\/wp-content\/uploads\/living-rooms\/living-room-13-768x512.jpg 768w\" sizes=\"auto, (max-width: 1280px) 100vw, 1280px\" \/><\/figure>\n<\/div>\n<\/div>\n\n\n\n<div style=\"height:10px\" aria-hidden=\"true\" class=\"wp-block-spacer\"><\/div>\n\n\n\n<div class=\"wp-block-columns reveal left is-layout-flex wp-container-core-columns-is-layout-28f84493 wp-block-columns-is-layout-flex\">\n<div class=\"wp-block-column is-vertically-aligned-center is-layout-flow wp-block-column-is-layout-flow\" style=\"flex-basis:33.33%\">\n<figure class=\"wp-block-image size-full\"><img loading=\"lazy\" decoding=\"async\" width=\"1280\" height=\"854\" src=\"https:\/\/www.kabritomedia.com\/wp-content\/uploads\/dining-rooms\/dining-room-3.jpg\" alt=\"\" class=\"wp-image-597\" style=\"box-shadow:var(--wp--preset--shadow--natural)\" srcset=\"https:\/\/www.kabritomedia.com\/wp-content\/uploads\/dining-rooms\/dining-room-3.jpg 1280w, https:\/\/www.kabritomedia.com\/wp-content\/uploads\/dining-rooms\/dining-room-3-300x200.jpg 300w, https:\/\/www.kabritomedia.com\/wp-content\/uploads\/dining-rooms\/dining-room-3-1024x683.jpg 1024w, https:\/\/www.kabritomedia.com\/wp-content\/uploads\/dining-rooms\/dining-room-3-768x512.jpg 768w\" sizes=\"auto, (max-width: 1280px) 100vw, 1280px\" \/><\/figure>\n<\/div>\n\n\n\n<div class=\"wp-block-column is-vertically-aligned-center is-layout-flow wp-block-column-is-layout-flow\" style=\"flex-basis:66.66%\">\n<h2 class=\"wp-block-heading\" id=\"Virtual-Tours\">Recorridos virtuales<\/h2>\n\n\n\n<p>Recorrido virtual 3D con Matterport o similar (incluye hasta 6 meses de alojamiento).<\/p>\n\n\n\n<p>Peque\u00f1o | <strong>150 \u20ac<\/strong><br\/> Viviendas de hasta 150 m\u00b2.<\/p>\n\n\n\n<p>Regular | <strong>185 \u20ac<\/strong><br\/> Viviendas de entre 151 y 225 metros cuadrados.<\/p>\n\n\n\n<p>Grande | <strong>230 \u20ac<\/strong><br\/> Viviendas de 226 a 300 metros cuadrados.<\/p>\n\n\n\n<p>* Para viviendas de m\u00e1s de 300 m\u00b2, ponte en contacto con nosotros para obtener un presupuesto personalizado.<\/p>\n\n\n\n<div class=\"wp-block-buttons is-layout-flex wp-block-buttons-is-layout-flex\">\n<div class=\"wp-block-button is-style-outline is-style-outline--3\"><a class=\"wp-block-button__link has-accent-color has-text-color wp-element-button\" href=\"https:\/\/www.kabritomedia.com\/es\/contactanos\/\" style=\"border-radius:0px\">RESERVA AHORA<\/a><\/div>\n<\/div>\n<\/div>\n<\/div>\n\n\n\n<div style=\"height:10px\" aria-hidden=\"true\" class=\"wp-block-spacer\"><\/div>\n\n\n\n<div class=\"wp-block-columns reveal right reverse-mobile is-layout-flex wp-container-core-columns-is-layout-28f84493 wp-block-columns-is-layout-flex\">\n<div class=\"wp-block-column is-vertically-aligned-center is-layout-flow wp-block-column-is-layout-flow\" style=\"flex-basis:66.66%\">\n<h2 class=\"wp-block-heading\" id=\"Drone\">Fotos y v\u00eddeos con drones<\/h2>\n\n\n\n<p>Fotograf\u00edas y v\u00eddeos con dron de la propiedad y sus alrededores (sujetos a restricciones locales y condiciones meteorol\u00f3gicas).<\/p>\n\n\n\n<p>Fotograf\u00edas a\u00e9reas, de 6 a 8 tomas | <strong>100 \u20ac<\/strong><\/p>\n\n\n\n<p>V\u00eddeo a\u00e9reo | <strong>140 \u20ac<\/strong><\/p>\n\n\n\n<p>Fotograf\u00edas y v\u00eddeos a\u00e9reos | <strong>175 \u20ac<\/strong><\/p>\n\n\n\n<div class=\"wp-block-buttons is-layout-flex wp-block-buttons-is-layout-flex\">\n<div class=\"wp-block-button is-style-outline is-style-outline--4\"><a class=\"wp-block-button__link has-accent-color has-text-color wp-element-button\" href=\"https:\/\/www.kabritomedia.com\/es\/contactanos\/\" style=\"border-radius:0px\">RESERVA AHORA<\/a><\/div>\n<\/div>\n<\/div>\n\n\n\n<div class=\"wp-block-column is-vertically-aligned-center is-layout-flow wp-block-column-is-layout-flow\" style=\"flex-basis:33.33%\">\n<figure class=\"wp-block-image size-full\"><img loading=\"lazy\" decoding=\"async\" width=\"2560\" height=\"1707\" src=\"https:\/\/www.kabritomedia.com\/wp-content\/uploads\/drone-16_brightened-scaled.jpg\" alt=\"\" class=\"wp-image-776\" style=\"box-shadow:var(--wp--preset--shadow--natural)\" srcset=\"https:\/\/www.kabritomedia.com\/wp-content\/uploads\/drone-16_brightened-scaled.jpg 2560w, https:\/\/www.kabritomedia.com\/wp-content\/uploads\/drone-16_brightened-300x200.jpg 300w, https:\/\/www.kabritomedia.com\/wp-content\/uploads\/drone-16_brightened-1024x683.jpg 1024w, https:\/\/www.kabritomedia.com\/wp-content\/uploads\/drone-16_brightened-768x512.jpg 768w, https:\/\/www.kabritomedia.com\/wp-content\/uploads\/drone-16_brightened-1536x1024.jpg 1536w, https:\/\/www.kabritomedia.com\/wp-content\/uploads\/drone-16_brightened-2048x1365.jpg 2048w\" sizes=\"auto, (max-width: 2560px) 100vw, 2560px\" \/><\/figure>\n<\/div>\n<\/div>\n\n\n\n<div style=\"height:10px\" aria-hidden=\"true\" class=\"wp-block-spacer\"><\/div>\n\n\n\n<div class=\"wp-block-columns reveal left is-layout-flex wp-container-core-columns-is-layout-28f84493 wp-block-columns-is-layout-flex\">\n<div class=\"wp-block-column is-vertically-aligned-center is-layout-flow wp-block-column-is-layout-flow\" style=\"flex-basis:33.33%\">\n<figure class=\"wp-block-image size-full\"><img loading=\"lazy\" decoding=\"async\" width=\"1280\" height=\"853\" src=\"https:\/\/www.kabritomedia.com\/wp-content\/uploads\/virtual-staging\/staged-2.jpg\" alt=\"\" class=\"wp-image-717\" style=\"box-shadow:var(--wp--preset--shadow--natural)\" srcset=\"https:\/\/www.kabritomedia.com\/wp-content\/uploads\/virtual-staging\/staged-2.jpg 1280w, https:\/\/www.kabritomedia.com\/wp-content\/uploads\/virtual-staging\/staged-2-300x200.jpg 300w, https:\/\/www.kabritomedia.com\/wp-content\/uploads\/virtual-staging\/staged-2-1024x682.jpg 1024w, https:\/\/www.kabritomedia.com\/wp-content\/uploads\/virtual-staging\/staged-2-768x512.jpg 768w\" sizes=\"auto, (max-width: 1280px) 100vw, 1280px\" \/><\/figure>\n<\/div>\n\n\n\n<div class=\"wp-block-column is-vertically-aligned-center is-layout-flow wp-block-column-is-layout-flow\" style=\"flex-basis:66.66%\">\n<h2 class=\"wp-block-heading\" id=\"Add-ons\">Planos de planta y complementos digitales<\/h2>\n\n\n\n<p>Planos de planta, organizaci\u00f3n y eliminaci\u00f3n de objetos innecesarios, puesta en escena, paisajismo, retirada de objetos grandes y mucho m\u00e1s. Los precios son por fotograf\u00eda.<\/p>\n\n\n\n<p>Planos de planta desde | <strong>50 \u20ac<\/strong><\/p>\n\n\n\n<p>Decoraci\u00f3n virtual de interiores, 2 fotos | <strong>40 \u20ac<\/strong><\/p>\n\n\n\n<p>Limpieza\/Reforma virtual | <strong>40 \u20ac<\/strong><\/p>\n\n\n\n<p>Dise\u00f1o virtual de jardines \/ Reformas exteriores | <strong>40 \u20ac<\/strong><\/p>\n\n\n\n<p>(*Los proyectos complejos pueden implicar un coste adicional)<\/p>\n\n\n\n<div class=\"wp-block-buttons is-layout-flex wp-block-buttons-is-layout-flex\">\n<div class=\"wp-block-button is-style-outline is-style-outline--5\"><a class=\"wp-block-button__link has-accent-color has-text-color wp-element-button\" href=\"https:\/\/www.kabritomedia.com\/es\/contactanos\/\" style=\"border-radius:0px\">RESERVA AHORA<\/a><\/div>\n<\/div>\n<\/div>\n<\/div>\n\n\n\n<div style=\"height:10px\" aria-hidden=\"true\" class=\"wp-block-spacer\"><\/div>\n\n\n\n<div class=\"wp-block-columns reveal right reverse-mobile is-layout-flex wp-container-core-columns-is-layout-28f84493 wp-block-columns-is-layout-flex\">\n<div class=\"wp-block-column is-vertically-aligned-center is-layout-flow wp-block-column-is-layout-flow\" style=\"flex-basis:66.66%\">\n<h2 class=\"wp-block-heading\" id=\"twilight\">Fotos al atardecer<\/h2>\n\n\n\n<p>Impactantes fotos al atardecer reales o virtuales.<\/p>\n\n\n\n<p>Fotos reales al atardecer | <strong>160 \u20ac<\/strong><br\/>De 4 a 6 fotos reales del crep\u00fasculo tomadas al atardecer. Requiere cita previa.<\/p>\n\n\n\n<p>Fotos virtuales al atardecer | <strong>40 \u20ac<\/strong><br\/>2 fotos virtuales al atardecer (opcional con la sesi\u00f3n de fotos; no se requiere cita previa).<\/p>\n\n\n\n<p>Kit de marketing | <strong>30 \u20ac<\/strong><br\/>Incluye un sitio web exclusivo para la propiedad, dise\u00f1os de folletos listos para imprimir, publicaciones personalizables para redes sociales, v\u00eddeos promocionales tipo presentaci\u00f3n de diapositivas e integraciones para Facebook, YouTube y Vimeo.<\/p>\n\n\n\n<div class=\"wp-block-buttons is-layout-flex wp-block-buttons-is-layout-flex\">\n<div class=\"wp-block-button is-style-outline is-style-outline--6\"><a class=\"wp-block-button__link has-accent-color has-text-color wp-element-button\" href=\"https:\/\/www.kabritomedia.com\/es\/contactanos\/\" style=\"border-radius:0px\">RESERVA AHORA<\/a><\/div>\n<\/div>\n<\/div>\n\n\n\n<div class=\"wp-block-column is-vertically-aligned-center is-layout-flow wp-block-column-is-layout-flow\" style=\"flex-basis:33.33%\">\n<figure class=\"wp-block-image size-full\"><img loading=\"lazy\" decoding=\"async\" width=\"2560\" height=\"1710\" src=\"https:\/\/www.kabritomedia.com\/wp-content\/uploads\/virtual-twilight-low-res-scaled.jpg\" alt=\"\" class=\"wp-image-782\" style=\"box-shadow:var(--wp--preset--shadow--natural)\" srcset=\"https:\/\/www.kabritomedia.com\/wp-content\/uploads\/virtual-twilight-low-res-scaled.jpg 2560w, https:\/\/www.kabritomedia.com\/wp-content\/uploads\/virtual-twilight-low-res-300x200.jpg 300w, https:\/\/www.kabritomedia.com\/wp-content\/uploads\/virtual-twilight-low-res-1024x684.jpg 1024w, https:\/\/www.kabritomedia.com\/wp-content\/uploads\/virtual-twilight-low-res-768x513.jpg 768w, https:\/\/www.kabritomedia.com\/wp-content\/uploads\/virtual-twilight-low-res-1536x1026.jpg 1536w, https:\/\/www.kabritomedia.com\/wp-content\/uploads\/virtual-twilight-low-res-2048x1368.jpg 2048w\" sizes=\"auto, (max-width: 2560px) 100vw, 2560px\" \/><\/figure>\n<\/div>\n<\/div>\n\n\n\n<div style=\"height:10px\" aria-hidden=\"true\" class=\"wp-block-spacer\"><\/div>\n<\/div>\n\n<p><\/p>\n","protected":false},"excerpt":{"rendered":"<p>Fotos interiores y exteriores Fotograf\u00edas de alta calidad para tus anuncios, editadas a la perfecci\u00f3n mediante un proceso de 16 pasos para garantizar que tus im\u00e1genes siempre luzcan impecables. Incluye nuestra \u00abgarant\u00eda de cielo azul\u00bb. 24 fotos | 135 \u20ac 36 fotos | 165 \u20ac 48 fotos | 195 \u20ac V\u00eddeo V\u00eddeos cinematogr\u00e1ficos para anuncios [&hellip;]<\/p>\n","protected":false},"author":1,"featured_media":0,"parent":0,"menu_order":0,"comment_status":"closed","ping_status":"closed","template":"","meta":{"footnotes":""},"class_list":["post-1108","page","type-page","status-publish","hentry"],"acf":[],"_links":{"self":[{"href":"https:\/\/www.kabritomedia.com\/es\/wp-json\/wp\/v2\/pages\/1108","targetHints":{"allow":["GET"]}}],"collection":[{"href":"https:\/\/www.kabritomedia.com\/es\/wp-json\/wp\/v2\/pages"}],"about":[{"href":"https:\/\/www.kabritomedia.com\/es\/wp-json\/wp\/v2\/types\/page"}],"author":[{"embeddable":true,"href":"https:\/\/www.kabritomedia.com\/es\/wp-json\/wp\/v2\/users\/1"}],"replies":[{"embeddable":true,"href":"https:\/\/www.kabritomedia.com\/es\/wp-json\/wp\/v2\/comments?post=1108"}],"version-history":[{"count":12,"href":"https:\/\/www.kabritomedia.com\/es\/wp-json\/wp\/v2\/pages\/1108\/revisions"}],"predecessor-version":[{"id":1256,"href":"https:\/\/www.kabritomedia.com\/es\/wp-json\/wp\/v2\/pages\/1108\/revisions\/1256"}],"wp:attachment":[{"href":"https:\/\/www.kabritomedia.com\/es\/wp-json\/wp\/v2\/media?parent=1108"}],"curies":[{"name":"wp","href":"https:\/\/api.w.org\/{rel}","templated":true}]}}